{"id":4879,"date":"2025-04-09T08:42:12","date_gmt":"2025-04-09T06:42:12","guid":{"rendered":"https:\/\/holmbergeide.no\/?page_id=4879"},"modified":"2025-04-10T14:14:55","modified_gmt":"2025-04-10T12:14:55","slug":"flis","status":"publish","type":"page","link":"https:\/\/holmbergeide.no\/wp\/flis\/","title":{"rendered":"Flis"},"content":{"rendered":"\t\t<div data-elementor-type=\"wp-page\" data-elementor-id=\"4879\" class=\"elementor elementor-4879\" data-elementor-post-type=\"page\">\n\t\t\t\t\t\t<section class=\"elementor-section elementor-top-section elementor-element elementor-element-16cd44ef elementor-section-height-min-height elementor-section-boxed elementor-section-height-default elementor-section-items-middle\" data-id=\"16cd44ef\" data-element_type=\"section\" data-e-type=\"section\" data-settings=\"{&quot;background_background&quot;:&quot;classic&quot;}\">\n\t\t\t\t\t\t\t<div class=\"elementor-background-overlay\"><\/div>\n\t\t\t\t\t\t\t<div class=\"elementor-container elementor-column-gap-wide\">\n\t\t\t\t\t<div class=\"elementor-column elementor-col-100 elementor-top-column elementor-element elementor-element-64d392ed\" data-id=\"64d392ed\" data-element_type=\"column\" data-e-type=\"column\">\n\t\t\t<div class=\"elementor-widget-wrap elementor-element-populated\">\n\t\t\t\t\t\t\t<\/div>\n\t\t<\/div>\n\t\t\t\t\t<\/div>\n\t\t<\/section>\n\t\t\t\t<section class=\"elementor-section elementor-top-section elementor-element elementor-element-fa34ff3 elementor-reverse-tablet elementor-reverse-mobile elementor-section-boxed elementor-section-height-default elementor-section-height-default\" data-id=\"fa34ff3\" data-element_type=\"section\" data-e-type=\"section\" data-settings=\"{&quot;background_background&quot;:&quot;classic&quot;}\">\n\t\t\t\t\t\t<div class=\"elementor-container elementor-column-gap-wide\">\n\t\t\t\t\t<div class=\"elementor-column elementor-col-50 elementor-top-column elementor-element elementor-element-ed04c24\" data-id=\"ed04c24\" data-element_type=\"column\" data-e-type=\"column\">\n\t\t\t<div class=\"elementor-widget-wrap elementor-element-populated\">\n\t\t\t\t\t\t<div class=\"elementor-element elementor-element-a8c2e97 elementor-widget elementor-widget-image\" data-id=\"a8c2e97\" data-element_type=\"widget\" data-e-type=\"widget\" data-widget_type=\"image.default\">\n\t\t\t\t<div class=\"elementor-widget-container\">\n\t\t\t\t\t\t\t\t\t\t\t\t\t\t\t<img fetchpriority=\"high\" decoding=\"async\" width=\"2560\" height=\"1706\" src=\"https:\/\/holmbergeide.no\/wp\/wp-content\/uploads\/2018\/01\/dreamstime_l_15052725.jpg\" class=\"attachment-full size-full wp-image-4243\" alt=\"Baderom med fliser\" srcset=\"https:\/\/holmbergeide.no\/wp\/wp-content\/uploads\/2018\/01\/dreamstime_l_15052725.jpg 2560w, https:\/\/holmbergeide.no\/wp\/wp-content\/uploads\/2018\/01\/dreamstime_l_15052725-300x200.jpg 300w, https:\/\/holmbergeide.no\/wp\/wp-content\/uploads\/2018\/01\/dreamstime_l_15052725-1024x682.jpg 1024w, https:\/\/holmbergeide.no\/wp\/wp-content\/uploads\/2018\/01\/dreamstime_l_15052725-768x512.jpg 768w, https:\/\/holmbergeide.no\/wp\/wp-content\/uploads\/2018\/01\/dreamstime_l_15052725-1536x1024.jpg 1536w, https:\/\/holmbergeide.no\/wp\/wp-content\/uploads\/2018\/01\/dreamstime_l_15052725-2048x1365.jpg 2048w\" sizes=\"(max-width: 2560px) 100vw, 2560px\" \/>\t\t\t\t\t\t\t\t\t\t\t\t\t\t\t<\/div>\n\t\t\t\t<\/div>\n\t\t\t\t\t<\/div>\n\t\t<\/div>\n\t\t\t\t<div class=\"elementor-column elementor-col-50 elementor-top-column elementor-element elementor-element-72a2ce6\" data-id=\"72a2ce6\" data-element_type=\"column\" data-e-type=\"column\">\n\t\t\t<div class=\"elementor-widget-wrap elementor-element-populated\">\n\t\t\t\t\t\t<div class=\"elementor-element elementor-element-891384a elementor-widget elementor-widget-heading\" data-id=\"891384a\" data-element_type=\"widget\" data-e-type=\"widget\" data-widget_type=\"heading.default\">\n\t\t\t\t<div class=\"elementor-widget-container\">\n\t\t\t\t\t<h2 class=\"elementor-heading-title elementor-size-default\">Vi legger alle typer flis<\/h2>\t\t\t\t<\/div>\n\t\t\t\t<\/div>\n\t\t\t\t<div class=\"elementor-element elementor-element-f489421 elementor-widget elementor-widget-text-editor\" data-id=\"f489421\" data-element_type=\"widget\" data-e-type=\"widget\" data-widget_type=\"text-editor.default\">\n\t\t\t\t<div class=\"elementor-widget-container\">\n\t\t\t\t\t\t\t\t\t<p>Flislegging er en kunstart i seg selv, og du vil se stor forskjell p\u00e5 et gulv flislagt av fagfolk, enn av noen som ikke kan faget.<\/p>\n<p>Holmberg og Eide utf\u00f8rer alt av innvendig flislegging som gulv, bad, kj\u00f8kken, vaskerom. Med lang erfaring, god kompetanse og n\u00f8yaktighet sikrer vi v\u00e5re kunder god kvalitet p\u00e5 jobben. Vi kommer gjerne p\u00e5 befaring og gir deg et uforpliktende pristilbud.<\/p>\n<p>Ring oss n\u00e5r du trenger en flislegger!<\/p>\t\t\t\t\t\t\t\t<\/div>\n\t\t\t\t<\/div>\n\t\t\t\t<div class=\"elementor-element elementor-element-bf5ab21 elementor-align-left elementor-widget elementor-widget-global elementor-global-4832 elementor-widget-button\" data-id=\"bf5ab21\" data-element_type=\"widget\" data-e-type=\"widget\" data-widget_type=\"button.default\">\n\t\t\t\t<div class=\"elementor-widget-container\">\n\t\t\t\t\t\t\t\t\t<div class=\"elementor-button-wrapper\">\n\t\t\t\t\t<a class=\"elementor-button elementor-button-link elementor-size-sm\" href=\"mailto:holmbergeide@gmail.com\">\n\t\t\t\t\t\t<span class=\"elementor-button-content-wrapper\">\n\t\t\t\t\t\t<span class=\"elementor-button-icon\">\n\t\t\t\t<svg aria-hidden=\"true\" class=\"e-font-icon-svg e-fas-envelope\" viewBox=\"0 0 512 512\" xmlns=\"http:\/\/www.w3.org\/2000\/svg\"><path d=\"M502.3 190.8c3.9-3.1 9.7-.2 9.7 4.7V400c0 26.5-21.5 48-48 48H48c-26.5 0-48-21.5-48-48V195.6c0-5 5.7-7.8 9.7-4.7 22.4 17.4 52.1 39.5 154.1 113.6 21.1 15.4 56.7 47.8 92.2 47.6 35.7.3 72-32.8 92.3-47.6 102-74.1 131.6-96.3 154-113.7zM256 320c23.2.4 56.6-29.2 73.4-41.4 132.7-96.3 142.8-104.7 173.4-128.7 5.8-4.5 9.2-11.5 9.2-18.9v-19c0-26.5-21.5-48-48-48H48C21.5 64 0 85.5 0 112v19c0 7.4 3.4 14.3 9.2 18.9 30.6 23.9 40.7 32.4 173.4 128.7 16.8 12.2 50.2 41.8 73.4 41.4z\"><\/path><\/svg>\t\t\t<\/span>\n\t\t\t\t\t\t\t\t\t<span class=\"elementor-button-text\">Send e-post<\/span>\n\t\t\t\t\t<\/span>\n\t\t\t\t\t<\/a>\n\t\t\t\t<\/div>\n\t\t\t\t\t\t\t\t<\/div>\n\t\t\t\t<\/div>\n\t\t\t\t\t<\/div>\n\t\t<\/div>\n\t\t\t\t\t<\/div>\n\t\t<\/section>\n\t\t\t\t<section class=\"elementor-section elementor-top-section elementor-element elementor-element-e0b3e59 elementor-section-boxed elementor-section-height-default elementor-section-height-default\" data-id=\"e0b3e59\" data-element_type=\"section\" data-e-type=\"section\" data-settings=\"{&quot;background_background&quot;:&quot;classic&quot;}\">\n\t\t\t\t\t\t\t<div class=\"elementor-background-overlay\"><\/div>\n\t\t\t\t\t\t\t<div class=\"elementor-container elementor-column-gap-wide\">\n\t\t\t\t\t<div class=\"elementor-column elementor-col-100 elementor-top-column elementor-element elementor-element-b3abcf5\" data-id=\"b3abcf5\" data-element_type=\"column\" data-e-type=\"column\">\n\t\t\t<div class=\"elementor-widget-wrap elementor-element-populated\">\n\t\t\t\t\t\t<div class=\"elementor-element elementor-element-284f32f elementor-widget elementor-widget-global elementor-global-4669 elementor-widget-heading\" data-id=\"284f32f\" data-element_type=\"widget\" data-e-type=\"widget\" data-widget_type=\"heading.default\">\n\t\t\t\t<div class=\"elementor-widget-container\">\n\t\t\t\t\t<h4 class=\"elementor-heading-title elementor-size-default\">F\u00e5 jobben gjort av profesjonelle med h\u00f8y faglig kompetanse!<\/h4>\t\t\t\t<\/div>\n\t\t\t\t<\/div>\n\t\t\t\t<div class=\"elementor-element elementor-element-71dd57d elementor-widget elementor-widget-global elementor-global-4672 elementor-widget-heading\" data-id=\"71dd57d\" data-element_type=\"widget\" data-e-type=\"widget\" data-widget_type=\"heading.default\">\n\t\t\t\t<div class=\"elementor-widget-container\">\n\t\t\t\t\t<h2 class=\"elementor-heading-title elementor-size-default\">Har du behov for <span style=\"color:#A6E25D\">v\u00e5re tjenester<\/span>?<\/h2>\t\t\t\t<\/div>\n\t\t\t\t<\/div>\n\t\t\t\t<div class=\"elementor-element elementor-element-217bc8f elementor-align-right elementor-widget__width-initial elementor-mobile-align-center elementor-widget elementor-widget-global elementor-global-4687 elementor-widget-button\" data-id=\"217bc8f\" data-element_type=\"widget\" data-e-type=\"widget\" data-widget_type=\"button.default\">\n\t\t\t\t<div class=\"elementor-widget-container\">\n\t\t\t\t\t\t\t\t\t<div class=\"elementor-button-wrapper\">\n\t\t\t\t\t<a class=\"elementor-button elementor-button-link elementor-size-sm\" href=\"mailto:holmbergeide@gmail.com\">\n\t\t\t\t\t\t<span class=\"elementor-button-content-wrapper\">\n\t\t\t\t\t\t<span class=\"elementor-button-icon\">\n\t\t\t\t<svg aria-hidden=\"true\" class=\"e-font-icon-svg e-fas-envelope\" viewBox=\"0 0 512 512\" xmlns=\"http:\/\/www.w3.org\/2000\/svg\"><path d=\"M502.3 190.8c3.9-3.1 9.7-.2 9.7 4.7V400c0 26.5-21.5 48-48 48H48c-26.5 0-48-21.5-48-48V195.6c0-5 5.7-7.8 9.7-4.7 22.4 17.4 52.1 39.5 154.1 113.6 21.1 15.4 56.7 47.8 92.2 47.6 35.7.3 72-32.8 92.3-47.6 102-74.1 131.6-96.3 154-113.7zM256 320c23.2.4 56.6-29.2 73.4-41.4 132.7-96.3 142.8-104.7 173.4-128.7 5.8-4.5 9.2-11.5 9.2-18.9v-19c0-26.5-21.5-48-48-48H48C21.5 64 0 85.5 0 112v19c0 7.4 3.4 14.3 9.2 18.9 30.6 23.9 40.7 32.4 173.4 128.7 16.8 12.2 50.2 41.8 73.4 41.4z\"><\/path><\/svg>\t\t\t<\/span>\n\t\t\t\t\t\t\t\t\t<span class=\"elementor-button-text\">Send en e-post<\/span>\n\t\t\t\t\t<\/span>\n\t\t\t\t\t<\/a>\n\t\t\t\t<\/div>\n\t\t\t\t\t\t\t\t<\/div>\n\t\t\t\t<\/div>\n\t\t\t\t<div class=\"elementor-element elementor-element-f7bf374 elementor-align-left elementor-widget__width-initial elementor-mobile-align-center elementor-widget elementor-widget-global elementor-global-4690 elementor-widget-button\" data-id=\"f7bf374\" data-element_type=\"widget\" data-e-type=\"widget\" data-widget_type=\"button.default\">\n\t\t\t\t<div class=\"elementor-widget-container\">\n\t\t\t\t\t\t\t\t\t<div class=\"elementor-button-wrapper\">\n\t\t\t\t\t<a class=\"elementor-button elementor-button-link elementor-size-sm\" href=\"\/kontakt-oss\">\n\t\t\t\t\t\t<span class=\"elementor-button-content-wrapper\">\n\t\t\t\t\t\t\t\t\t<span class=\"elementor-button-text\">Ta kontakt med oss<\/span>\n\t\t\t\t\t<\/span>\n\t\t\t\t\t<\/a>\n\t\t\t\t<\/div>\n\t\t\t\t\t\t\t\t<\/div>\n\t\t\t\t<\/div>\n\t\t\t\t\t<\/div>\n\t\t<\/div>\n\t\t\t\t\t<\/div>\n\t\t<\/section>\n\t\t\t\t<\/div>\n\t\t","protected":false},"excerpt":{"rendered":"<p>Vi legger alle typer flis Flislegging er en kunstart i seg selv, og du vil se stor forskjell p\u00e5 et gulv flislagt av fagfolk, enn av noen som ikke kan faget. Holmberg og Eide utf\u00f8rer alt av innvendig flislegging som gulv, bad, kj\u00f8kken, vaskerom. Med lang erfaring, god kompetanse og n\u00f8yaktighet sikrer vi v\u00e5re kunder [&hellip;]<\/p>\n","protected":false},"author":1,"featured_media":0,"parent":0,"menu_order":0,"comment_status":"closed","ping_status":"closed","template":"","meta":{"footnotes":""},"class_list":["post-4879","page","type-page","status-publish","hentry"],"yoast_head":"<!-- This site is optimized with the Yoast SEO plugin v27.3 - https:\/\/yoast.com\/product\/yoast-seo-wordpress\/ -->\n<title>Flis - Holmberg Og Eide AS<\/title>\n<meta name=\"robots\" content=\"index, follow, max-snippet:-1, max-image-preview:large, max-video-preview:-1\" \/>\n<link rel=\"canonical\" href=\"https:\/\/holmbergeide.no\/flis\/\" \/>\n<meta property=\"og:locale\" content=\"nb_NO\" \/>\n<meta property=\"og:type\" content=\"article\" \/>\n<meta property=\"og:title\" content=\"Flis - Holmberg Og Eide AS\" \/>\n<meta property=\"og:description\" content=\"Vi legger alle typer flis Flislegging er en kunstart i seg selv, og du vil se stor forskjell p\u00e5 et gulv flislagt av fagfolk, enn av noen som ikke kan faget. Holmberg og Eide utf\u00f8rer alt av innvendig flislegging som gulv, bad, kj\u00f8kken, vaskerom. Med lang erfaring, god kompetanse og n\u00f8yaktighet sikrer vi v\u00e5re kunder [&hellip;]\" \/>\n<meta property=\"og:url\" content=\"https:\/\/holmbergeide.no\/flis\/\" \/>\n<meta property=\"og:site_name\" content=\"Holmberg Og Eide AS\" \/>\n<meta property=\"article:publisher\" content=\"https:\/\/www.facebook.com\/holmbergeide\/?locale=nb_NO\" \/>\n<meta property=\"article:modified_time\" content=\"2025-04-10T12:14:55+00:00\" \/>\n<meta property=\"og:image\" content=\"https:\/\/holmbergeide.no\/wp\/wp-content\/uploads\/2018\/01\/dreamstime_l_15052725.jpg\" \/>\n\t<meta property=\"og:image:width\" content=\"2560\" \/>\n\t<meta property=\"og:image:height\" content=\"1706\" \/>\n\t<meta property=\"og:image:type\" content=\"image\/jpeg\" \/>\n<meta name=\"twitter:card\" content=\"summary_large_image\" \/>\n<meta name=\"twitter:label1\" content=\"Ansl. lesetid\" \/>\n\t<meta name=\"twitter:data1\" content=\"1 minutt\" \/>\n<script type=\"application\/ld+json\" class=\"yoast-schema-graph\">{\"@context\":\"https:\\\/\\\/schema.org\",\"@graph\":[{\"@type\":\"WebPage\",\"@id\":\"https:\\\/\\\/holmbergeide.no\\\/flis\\\/\",\"url\":\"https:\\\/\\\/holmbergeide.no\\\/flis\\\/\",\"name\":\"Flis - Holmberg Og Eide AS\",\"isPartOf\":{\"@id\":\"https:\\\/\\\/holmbergeide.no\\\/wp\\\/#website\"},\"primaryImageOfPage\":{\"@id\":\"https:\\\/\\\/holmbergeide.no\\\/flis\\\/#primaryimage\"},\"image\":{\"@id\":\"https:\\\/\\\/holmbergeide.no\\\/flis\\\/#primaryimage\"},\"thumbnailUrl\":\"https:\\\/\\\/holmbergeide.no\\\/wp\\\/wp-content\\\/uploads\\\/2018\\\/01\\\/dreamstime_l_15052725.jpg\",\"datePublished\":\"2025-04-09T06:42:12+00:00\",\"dateModified\":\"2025-04-10T12:14:55+00:00\",\"breadcrumb\":{\"@id\":\"https:\\\/\\\/holmbergeide.no\\\/flis\\\/#breadcrumb\"},\"inLanguage\":\"nb-NO\",\"potentialAction\":[{\"@type\":\"ReadAction\",\"target\":[\"https:\\\/\\\/holmbergeide.no\\\/flis\\\/\"]}]},{\"@type\":\"ImageObject\",\"inLanguage\":\"nb-NO\",\"@id\":\"https:\\\/\\\/holmbergeide.no\\\/flis\\\/#primaryimage\",\"url\":\"https:\\\/\\\/holmbergeide.no\\\/wp\\\/wp-content\\\/uploads\\\/2018\\\/01\\\/dreamstime_l_15052725.jpg\",\"contentUrl\":\"https:\\\/\\\/holmbergeide.no\\\/wp\\\/wp-content\\\/uploads\\\/2018\\\/01\\\/dreamstime_l_15052725.jpg\",\"width\":2560,\"height\":1706,\"caption\":\"Baderom med fliser\"},{\"@type\":\"BreadcrumbList\",\"@id\":\"https:\\\/\\\/holmbergeide.no\\\/flis\\\/#breadcrumb\",\"itemListElement\":[{\"@type\":\"ListItem\",\"position\":1,\"name\":\"Hjem\",\"item\":\"https:\\\/\\\/holmbergeide.no\\\/wp\\\/\"},{\"@type\":\"ListItem\",\"position\":2,\"name\":\"Flis\"}]},{\"@type\":\"WebSite\",\"@id\":\"https:\\\/\\\/holmbergeide.no\\\/wp\\\/#website\",\"url\":\"https:\\\/\\\/holmbergeide.no\\\/wp\\\/\",\"name\":\"Holmberg Og Eide AS\",\"description\":\"Din lokale maler i Sarpsborg, Fredrikstad og \u00d8stfold\",\"publisher\":{\"@id\":\"https:\\\/\\\/holmbergeide.no\\\/wp\\\/#organization\"},\"potentialAction\":[{\"@type\":\"SearchAction\",\"target\":{\"@type\":\"EntryPoint\",\"urlTemplate\":\"https:\\\/\\\/holmbergeide.no\\\/wp\\\/?s={search_term_string}\"},\"query-input\":{\"@type\":\"PropertyValueSpecification\",\"valueRequired\":true,\"valueName\":\"search_term_string\"}}],\"inLanguage\":\"nb-NO\"},{\"@type\":\"Organization\",\"@id\":\"https:\\\/\\\/holmbergeide.no\\\/wp\\\/#organization\",\"name\":\"Holmberg Og Eide AS\",\"url\":\"https:\\\/\\\/holmbergeide.no\\\/wp\\\/\",\"logo\":{\"@type\":\"ImageObject\",\"inLanguage\":\"nb-NO\",\"@id\":\"https:\\\/\\\/holmbergeide.no\\\/wp\\\/#\\\/schema\\\/logo\\\/image\\\/\",\"url\":\"https:\\\/\\\/holmbergeide.no\\\/wp\\\/wp-content\\\/uploads\\\/2016\\\/10\\\/favicon_stor.png\",\"contentUrl\":\"https:\\\/\\\/holmbergeide.no\\\/wp\\\/wp-content\\\/uploads\\\/2016\\\/10\\\/favicon_stor.png\",\"width\":512,\"height\":512,\"caption\":\"Holmberg Og Eide AS\"},\"image\":{\"@id\":\"https:\\\/\\\/holmbergeide.no\\\/wp\\\/#\\\/schema\\\/logo\\\/image\\\/\"},\"sameAs\":[\"https:\\\/\\\/www.facebook.com\\\/holmbergeide\\\/?locale=nb_NO\"]}]}<\/script>\n<!-- \/ Yoast SEO plugin. -->","yoast_head_json":{"title":"Flis - Holmberg Og Eide AS","robots":{"index":"index","follow":"follow","max-snippet":"max-snippet:-1","max-image-preview":"max-image-preview:large","max-video-preview":"max-video-preview:-1"},"canonical":"https:\/\/holmbergeide.no\/flis\/","og_locale":"nb_NO","og_type":"article","og_title":"Flis - Holmberg Og Eide AS","og_description":"Vi legger alle typer flis Flislegging er en kunstart i seg selv, og du vil se stor forskjell p\u00e5 et gulv flislagt av fagfolk, enn av noen som ikke kan faget. Holmberg og Eide utf\u00f8rer alt av innvendig flislegging som gulv, bad, kj\u00f8kken, vaskerom. Med lang erfaring, god kompetanse og n\u00f8yaktighet sikrer vi v\u00e5re kunder [&hellip;]","og_url":"https:\/\/holmbergeide.no\/flis\/","og_site_name":"Holmberg Og Eide AS","article_publisher":"https:\/\/www.facebook.com\/holmbergeide\/?locale=nb_NO","article_modified_time":"2025-04-10T12:14:55+00:00","og_image":[{"width":2560,"height":1706,"url":"https:\/\/holmbergeide.no\/wp\/wp-content\/uploads\/2018\/01\/dreamstime_l_15052725.jpg","type":"image\/jpeg"}],"twitter_card":"summary_large_image","twitter_misc":{"Ansl. lesetid":"1 minutt"},"schema":{"@context":"https:\/\/schema.org","@graph":[{"@type":"WebPage","@id":"https:\/\/holmbergeide.no\/flis\/","url":"https:\/\/holmbergeide.no\/flis\/","name":"Flis - Holmberg Og Eide AS","isPartOf":{"@id":"https:\/\/holmbergeide.no\/wp\/#website"},"primaryImageOfPage":{"@id":"https:\/\/holmbergeide.no\/flis\/#primaryimage"},"image":{"@id":"https:\/\/holmbergeide.no\/flis\/#primaryimage"},"thumbnailUrl":"https:\/\/holmbergeide.no\/wp\/wp-content\/uploads\/2018\/01\/dreamstime_l_15052725.jpg","datePublished":"2025-04-09T06:42:12+00:00","dateModified":"2025-04-10T12:14:55+00:00","breadcrumb":{"@id":"https:\/\/holmbergeide.no\/flis\/#breadcrumb"},"inLanguage":"nb-NO","potentialAction":[{"@type":"ReadAction","target":["https:\/\/holmbergeide.no\/flis\/"]}]},{"@type":"ImageObject","inLanguage":"nb-NO","@id":"https:\/\/holmbergeide.no\/flis\/#primaryimage","url":"https:\/\/holmbergeide.no\/wp\/wp-content\/uploads\/2018\/01\/dreamstime_l_15052725.jpg","contentUrl":"https:\/\/holmbergeide.no\/wp\/wp-content\/uploads\/2018\/01\/dreamstime_l_15052725.jpg","width":2560,"height":1706,"caption":"Baderom med fliser"},{"@type":"BreadcrumbList","@id":"https:\/\/holmbergeide.no\/flis\/#breadcrumb","itemListElement":[{"@type":"ListItem","position":1,"name":"Hjem","item":"https:\/\/holmbergeide.no\/wp\/"},{"@type":"ListItem","position":2,"name":"Flis"}]},{"@type":"WebSite","@id":"https:\/\/holmbergeide.no\/wp\/#website","url":"https:\/\/holmbergeide.no\/wp\/","name":"Holmberg Og Eide AS","description":"Din lokale maler i Sarpsborg, Fredrikstad og \u00d8stfold","publisher":{"@id":"https:\/\/holmbergeide.no\/wp\/#organization"},"potentialAction":[{"@type":"SearchAction","target":{"@type":"EntryPoint","urlTemplate":"https:\/\/holmbergeide.no\/wp\/?s={search_term_string}"},"query-input":{"@type":"PropertyValueSpecification","valueRequired":true,"valueName":"search_term_string"}}],"inLanguage":"nb-NO"},{"@type":"Organization","@id":"https:\/\/holmbergeide.no\/wp\/#organization","name":"Holmberg Og Eide AS","url":"https:\/\/holmbergeide.no\/wp\/","logo":{"@type":"ImageObject","inLanguage":"nb-NO","@id":"https:\/\/holmbergeide.no\/wp\/#\/schema\/logo\/image\/","url":"https:\/\/holmbergeide.no\/wp\/wp-content\/uploads\/2016\/10\/favicon_stor.png","contentUrl":"https:\/\/holmbergeide.no\/wp\/wp-content\/uploads\/2016\/10\/favicon_stor.png","width":512,"height":512,"caption":"Holmberg Og Eide AS"},"image":{"@id":"https:\/\/holmbergeide.no\/wp\/#\/schema\/logo\/image\/"},"sameAs":["https:\/\/www.facebook.com\/holmbergeide\/?locale=nb_NO"]}]}},"_links":{"self":[{"href":"https:\/\/holmbergeide.no\/wp\/wp-json\/wp\/v2\/pages\/4879","targetHints":{"allow":["GET"]}}],"collection":[{"href":"https:\/\/holmbergeide.no\/wp\/wp-json\/wp\/v2\/pages"}],"about":[{"href":"https:\/\/holmbergeide.no\/wp\/wp-json\/wp\/v2\/types\/page"}],"author":[{"embeddable":true,"href":"https:\/\/holmbergeide.no\/wp\/wp-json\/wp\/v2\/users\/1"}],"replies":[{"embeddable":true,"href":"https:\/\/holmbergeide.no\/wp\/wp-json\/wp\/v2\/comments?post=4879"}],"version-history":[{"count":22,"href":"https:\/\/holmbergeide.no\/wp\/wp-json\/wp\/v2\/pages\/4879\/revisions"}],"predecessor-version":[{"id":5218,"href":"https:\/\/holmbergeide.no\/wp\/wp-json\/wp\/v2\/pages\/4879\/revisions\/5218"}],"wp:attachment":[{"href":"https:\/\/holmbergeide.no\/wp\/wp-json\/wp\/v2\/media?parent=4879"}],"curies":[{"name":"wp","href":"https:\/\/api.w.org\/{rel}","templated":true}]}}